{"id":4732,"date":"2025-04-21T18:17:41","date_gmt":"2025-04-21T15:17:41","guid":{"rendered":"https:\/\/microkey.com.tr\/product\/yuvarlak-reklam-ekranlari-24\/"},"modified":"2025-04-21T18:17:41","modified_gmt":"2025-04-21T15:17:41","slug":"yuvarlak-reklam-ekranlari-24","status":"publish","type":"product","link":"https:\/\/microkey.com.tr\/en\/product\/yuvarlak-reklam-ekranlari-24\/","title":{"rendered":"Yuvarlak Reklam Ekranlar\u0131 24&#8243;"},"content":{"rendered":"<h1>Yuvarlak Reklam Ekranlar\u0131 &#8211; 24&#8243;<\/h1>\n<table width=\"671\">\n<tbody>\n<tr>\n<td colspan=\"2\" width=\"666\"><strong>Teknik \u00d6zellikler \/ Specifications<\/strong><\/td>\n<\/tr>\n<tr>\n<td width=\"277\"><strong>Model<\/strong><\/td>\n<td width=\"386\">\n<p style=\"text-align: center;\"><strong>RND240XM8<\/strong><\/p>\n<\/td>\n<\/tr>\n<tr>\n<td width=\"277\"><strong>Ekran Boyutu \/ Display Size<\/strong><\/td>\n<td width=\"386\">\n<p style=\"text-align: center;\"><strong>24\u201d Yuvarlak LCD Monit\u00f6r<\/strong><\/p>\n<\/td>\n<\/tr>\n<tr>\n<td width=\"277\"><strong>\u00c7\u00f6z\u00fcn\u00fcrl\u00fck \/ Resolution<\/strong><\/td>\n<td width=\"386\">\n<p style=\"text-align: center;\">1280 x 1280 (1:1)<\/p>\n<\/td>\n<\/tr>\n<tr>\n<td width=\"277\"><strong>Parlakl\u0131k \/ Brightness (cd\/m\u00b2)<\/strong><\/td>\n<td width=\"386\">\n<p style=\"text-align: center;\">1.500 cd\/m\u00b2<\/p>\n<\/td>\n<\/tr>\n<tr>\n<td width=\"277\"><strong>Tepki S\u00fcresi \/ Response time<\/strong><\/td>\n<td width=\"386\">\n<p style=\"text-align: center;\">5ms<\/p>\n<\/td>\n<\/tr>\n<tr>\n<td width=\"277\"><strong>G\u00f6r\u00fcnme A\u00e7\u0131s\u0131 \/ Viewing Angle<\/strong><\/td>\n<td width=\"386\">\n<p style=\"text-align: center;\">178\u00ba \/ 178\u00ba<\/p>\n<\/td>\n<\/tr>\n<tr>\n<td width=\"277\"><strong>Aktif Alan \/ Active Display Area (mm)<\/strong><\/td>\n<td width=\"386\">\n<p style=\"text-align: center;\">60&#215;60 cm<\/p>\n<\/td>\n<\/tr>\n<tr>\n<td width=\"277\"><strong>Medya \u0130\u015flemci \/ Media Player<\/strong><\/td>\n<td width=\"386\">\n<p style=\"text-align: center;\">Dahili Android Medya Player 1080p<\/p>\n<\/td>\n<\/tr>\n<tr>\n<td width=\"277\"><strong>Medya format\u0131 \/ Media format<\/strong><\/td>\n<td width=\"386\">\n<p style=\"text-align: center;\">Full Ekran, Mpg1,4 Video, Jpg Resim<\/p>\n<\/td>\n<\/tr>\n<tr>\n<td width=\"277\"><strong>Haf\u0131za Birimi \/ Memory<\/strong><\/td>\n<td width=\"386\">\n<p style=\"text-align: center;\">8 GB Dahili Haf\u0131za<\/p>\n<\/td>\n<\/tr>\n<tr>\n<td width=\"277\"><strong>Network Ba\u011flant\u0131s\u0131 \/Network Connection<\/strong><\/td>\n<td width=\"386\">\n<p style=\"text-align: center;\">Var<\/p>\n<\/td>\n<\/tr>\n<tr>\n<td width=\"277\"><strong>Kablosuz A\u011f Ba\u011flant\u0131s\u0131<\/strong><\/td>\n<td width=\"386\">\n<p style=\"text-align: center;\">Var<\/p>\n<\/td>\n<\/tr>\n<tr>\n<td width=\"277\"><strong>Dokumatik \u00d6zelli\u011fi \/ Touch function<\/strong><\/td>\n<td width=\"386\">\n<p style=\"text-align: center;\">Yok<\/p>\n<\/td>\n<\/tr>\n<tr>\n<td width=\"277\"><strong>Hoparl\u00f6r \/ Speaker<\/strong><\/td>\n<td width=\"386\">\n<p style=\"text-align: center;\">2x2W<\/p>\n<\/td>\n<\/tr>\n<tr>\n<td width=\"277\"><strong>A\u011f\u0131rl\u0131k \/ Weight<\/strong><\/td>\n<td width=\"386\">\n<p style=\"text-align: center;\">6 Kg<\/p>\n<\/td>\n<\/tr>\n<tr>\n<td width=\"277\"><strong>Boyutlar \/ Dimensions (mm)<\/strong><\/td>\n<td width=\"386\">\n<p style=\"text-align: center;\">62.5 x 62.5 x 3 cm<\/p>\n<\/td>\n<\/tr>\n<tr>\n<td width=\"277\"><strong>D\u0131\u015f \u00dcnite \/ Enclosure<\/strong><\/td>\n<td width=\"386\">\n<p style=\"text-align: center;\">F\u0131r\u0131n boyal\u0131 Metal G\u00f6vde<\/p>\n<\/td>\n<\/tr>\n<tr>\n<td width=\"277\"><strong>D\u0131\u015f \u00dcnite \/ Enclosure<\/strong><\/td>\n<td width=\"386\">\n<p style=\"text-align: center;\">Aluminyum Profil + F\u0131r\u0131n Boyal\u0131 Metal \u00dcnite<\/p>\n<\/td>\n<\/tr>\n<tr>\n<td width=\"277\"><strong>G\u00fc\u00e7 Kayna\u011f\u0131 \/ Power Suply<\/strong><\/td>\n<td width=\"386\">\n<p style=\"text-align: center;\">220 V<\/p>\n<\/td>\n<\/tr>\n<tr>\n<td width=\"277\"><strong>Kullan\u0131m k\u0131lavuzu \/ User Manual<\/strong><\/td>\n<td width=\"386\">\n<p style=\"text-align: center;\">Kullan\u0131m dili ingilizce, kullan\u0131m k\u0131lavuzu t\u00fcrk\u00e7edir<\/p>\n<\/td>\n<\/tr>\n<tr>\n<td width=\"277\"><strong>G\u00fc\u00e7 T\u00fcketimi \/ Power Consumption<\/strong><\/td>\n<td width=\"386\">\n<p style=\"text-align: center;\">60 W<\/p>\n<\/td>\n<\/tr>\n<tr>\n<td width=\"277\"><strong>Garanti S\u00fcresi \/ Warranty<\/strong><\/td>\n<td width=\"386\">\n<p style=\"text-align: center;\">2 Y\u0131l<\/p>\n<\/td>\n<\/tr>\n<tr>\n<td width=\"277\"><strong>Aksesuarlar \/ Accessories<\/strong><\/td>\n<td width=\"386\">\n<p style=\"text-align: center;\">Vidal\u0131 Ask\u0131 Aparat\u0131<\/p>\n<\/td>\n<\/tr>\n<tr>\n<td width=\"277\"><strong>Stok Kodu<\/strong><\/td>\n<td width=\"386\">\n<p style=\"text-align: center;\">RND240XM8<\/p>\n<\/td>\n<\/tr>\n<\/tbody>\n<\/table>\n","protected":false},"excerpt":{"rendered":"<p><strong>24&#8243; Yuvarlak Reklam Ekranlar\u0131, USB veya internet \u00fczerinden g\u00fcncellenebilen end\u00fcstriyel ekranlard\u0131r. Yuvarlak tasar\u0131m\u0131 ile farkl\u0131 tasar\u0131m olanaklar\u0131 sa\u011flar.<\/strong><\/p>\n<p><a href=\"https:\/\/microkey.com.tr\/iletisim\/\" target=\"_blank\" rel=\"noopener\"><img decoding=\"async\" loading=\"lazy\" class=\"alignnone wp-image-4277 size-full\" src=\"https:\/\/microkey.com.tr\/wp-content\/uploads\/2020\/12\/teklifal-e1675944044812.png\" alt=\"\u0130leti\u015fim formunu doldurun\" width=\"150\" height=\"56\" srcset=\"https:\/\/microkey.com.tr\/wp-content\/uploads\/2020\/12\/teklifal-e1675944044812.png 150w, https:\/\/microkey.com.tr\/wp-content\/uploads\/2020\/12\/teklifal-e1675944044812-20x7.png 20w\" sizes=\"(max-width: 150px) 100vw, 150px\" \/><\/a>\u00a0 \u00a0 \u00a0 \u00a0 \u00a0<a href=\"https:\/\/youtu.be\/2uh80oLU26w\" target=\"_blank\" rel=\"noopener\"><img decoding=\"async\" loading=\"lazy\" class=\"alignnone wp-image-4466 size-full\" src=\"https:\/\/microkey.com.tr\/wp-content\/uploads\/2020\/05\/Youtube.png\" alt=\"\u00d6rnek Video Youtube\" width=\"150\" height=\"60\" srcset=\"https:\/\/microkey.com.tr\/wp-content\/uploads\/2020\/05\/Youtube.png 150w, https:\/\/microkey.com.tr\/wp-content\/uploads\/2020\/05\/Youtube-20x8.png 20w\" sizes=\"(max-width: 150px) 100vw, 150px\" \/><\/a><\/p>\n<p>&nbsp;<\/p>\n","protected":false},"featured_media":4729,"comment_status":"open","ping_status":"closed","template":"","meta":[],"product_cat":[685,364,366,373,374,375,376,377,378],"product_tag":[526,686,687,688,689,690,691,692,693,694],"aioseo_notices":[],"_links":{"self":[{"href":"https:\/\/microkey.com.tr\/en\/wp-json\/wp\/v2\/product\/4732"}],"collection":[{"href":"https:\/\/microkey.com.tr\/en\/wp-json\/wp\/v2\/product"}],"about":[{"href":"https:\/\/microkey.com.tr\/en\/wp-json\/wp\/v2\/types\/product"}],"replies":[{"embeddable":true,"href":"https:\/\/microkey.com.tr\/en\/wp-json\/wp\/v2\/comments?post=4732"}],"wp:featuredmedia":[{"embeddable":true,"href":"https:\/\/microkey.com.tr\/en\/wp-json\/wp\/v2\/media\/4729"}],"wp:attachment":[{"href":"https:\/\/microkey.com.tr\/en\/wp-json\/wp\/v2\/media?parent=4732"}],"wp:term":[{"taxonomy":"product_cat","embeddable":true,"href":"https:\/\/microkey.com.tr\/en\/wp-json\/wp\/v2\/product_cat?post=4732"},{"taxonomy":"product_tag","embeddable":true,"href":"https:\/\/microkey.com.tr\/en\/wp-json\/wp\/v2\/product_tag?post=4732"}],"curies":[{"name":"wp","href":"https:\/\/api.w.org\/{rel}","templated":true}]}}