{"id":4195,"date":"2019-01-31T08:13:25","date_gmt":"2019-01-31T08:13:25","guid":{"rendered":"https:\/\/microkey.com.tr\/product\/dijital-lcd-duyuru-panosu\/"},"modified":"2023-04-18T21:15:18","modified_gmt":"2023-04-18T18:15:18","slug":"digital-lcd-info-announcement-displays","status":"publish","type":"product","link":"https:\/\/microkey.com.tr\/en\/product\/digital-lcd-info-announcement-displays\/","title":{"rendered":"Digital LCD Info-Announcement Displays"},"content":{"rendered":"<h1><strong>Digital LCD Info-Announcement Displays;<\/strong><\/h1>\n<p>are digital information screens that can be updated with<\/p>\n<ul>\n<li>USB Upload<\/li>\n<li>Intranet<\/li>\n<li>Managed over internet via Cloud Upload<\/li>\n<\/ul>\n<p>where you can update video, picture files with USB, add scrolling text, digital clock at the bottom.<\/p>\n<table width=\"685\">\n<tbody>\n<tr>\n<td colspan=\"2\" width=\"679\"><strong>Technical Specifications<\/strong><\/td>\n<\/tr>\n<tr>\n<td width=\"284\"><strong>Model<\/strong><\/td>\n<td width=\"393\"><strong>DP270<\/strong><\/td>\n<\/tr>\n<tr>\n<td width=\"284\"><strong>Display Size<\/strong><\/td>\n<td width=\"393\">27\u201d IPS LED<\/td>\n<\/tr>\n<tr>\n<td width=\"284\"><strong>Resolution<\/strong><\/td>\n<td width=\"393\">1920 x 1080 (16:9)<\/td>\n<\/tr>\n<tr>\n<td width=\"284\"><strong>Brightness (cd\/m\u00b2)<\/strong><\/td>\n<td width=\"393\">250 nit<\/td>\n<\/tr>\n<tr>\n<td width=\"284\"><strong>Viewing Angle<\/strong><\/td>\n<td width=\"393\">172\u00ba \/ 172\u00ba<\/td>\n<\/tr>\n<tr>\n<td width=\"284\"><strong>Active Display Area (cm)<\/strong><\/td>\n<td width=\"393\">60 x 34<\/td>\n<\/tr>\n<tr>\n<td width=\"284\"><strong>Enclosure<\/strong><\/td>\n<td width=\"393\">Oven Painted Metal Casing<\/td>\n<\/tr>\n<tr>\n<td width=\"284\"><strong>Dimensions (cm)<\/strong><\/td>\n<td width=\"393\">72 x 46 x 6<\/td>\n<\/tr>\n<tr>\n<td width=\"284\"><strong>Protection Glass<\/strong><\/td>\n<td width=\"393\">4mm Protective Glass<\/td>\n<\/tr>\n<tr>\n<td width=\"284\"><strong>Power\u00a0<\/strong><b>Supply<\/b><\/td>\n<td width=\"393\">220 V<\/td>\n<\/tr>\n<tr>\n<td width=\"284\"><strong>Power Consumption<\/strong><\/td>\n<td width=\"393\">40 W<\/td>\n<\/tr>\n<tr>\n<td width=\"284\"><strong>Speaker<\/strong><\/td>\n<td width=\"393\">Motion Sensor + 2 x 2W Speakers<\/td>\n<\/tr>\n<tr>\n<td width=\"284\"><\/td>\n<td width=\"393\"><\/td>\n<\/tr>\n<\/tbody>\n<\/table>\n","protected":false},"excerpt":{"rendered":"<p>\u2013\u00a0 Hdmi giri\u015fli monit\u00f6rler<br \/>\n\u2013\u00a0 USB Y\u00fcklemeli LCD Ekranlar<br \/>\n\u2013\u00a0 Network Y\u00fcklemeli LCD Ekranlar<br \/>\n\u2013\u00a0 \u0130nternet \u00dczerinden Y\u00f6netilebilen LCD Ekranlar<\/p>\n<p style=\"padding-left: 40px;\"><a href=\"https:\/\/microkey.com.tr\/iletisim\/\" target=\"_blank\" rel=\"noopener noreferrer\"><img decoding=\"async\" loading=\"lazy\" class=\"alignnone wp-image-3371\" src=\"https:\/\/microkey.com.tr\/wp-content\/uploads\/2020\/06\/teklifal.png\" alt=\"\" width=\"120\" height=\"45\" \/><\/a><\/p>\n","protected":false},"featured_media":4550,"comment_status":"closed","ping_status":"closed","template":"","meta":[],"product_cat":[367,364,366,373,374,376,377,378],"product_tag":[492,676,493,494],"aioseo_notices":[],"_links":{"self":[{"href":"https:\/\/microkey.com.tr\/en\/wp-json\/wp\/v2\/product\/4195"}],"collection":[{"href":"https:\/\/microkey.com.tr\/en\/wp-json\/wp\/v2\/product"}],"about":[{"href":"https:\/\/microkey.com.tr\/en\/wp-json\/wp\/v2\/types\/product"}],"replies":[{"embeddable":true,"href":"https:\/\/microkey.com.tr\/en\/wp-json\/wp\/v2\/comments?post=4195"}],"wp:featuredmedia":[{"embeddable":true,"href":"https:\/\/microkey.com.tr\/en\/wp-json\/wp\/v2\/media\/4550"}],"wp:attachment":[{"href":"https:\/\/microkey.com.tr\/en\/wp-json\/wp\/v2\/media?parent=4195"}],"wp:term":[{"taxonomy":"product_cat","embeddable":true,"href":"https:\/\/microkey.com.tr\/en\/wp-json\/wp\/v2\/product_cat?post=4195"},{"taxonomy":"product_tag","embeddable":true,"href":"https:\/\/microkey.com.tr\/en\/wp-json\/wp\/v2\/product_tag?post=4195"}],"curies":[{"name":"wp","href":"https:\/\/api.w.org\/{rel}","templated":true}]}}