{"id":4134,"date":"2020-01-28T14:57:23","date_gmt":"2020-01-28T11:57:23","guid":{"rendered":"https:\/\/microkey.com.tr\/iletisim-2\/"},"modified":"2023-03-15T19:54:46","modified_gmt":"2023-03-15T16:54:46","slug":"contact","status":"publish","type":"page","link":"https:\/\/microkey.com.tr\/en\/contact\/","title":{"rendered":"Contact"},"content":{"rendered":"[vc_row][vc_column][vc_column_text]<iframe loading=\"lazy\" style=\"border: 0;\" src=\"https:\/\/www.google.com\/maps\/embed?pb=!1m18!1m12!1m3!1d11807.52276835217!2d29.189307438328722!3d40.90155194086303!2m3!1f0!2f0!3f0!3m2!1i1024!2i768!4f13.1!3m3!1m2!1s0x14cad0aaeb6a1315%3A0x81b56e84efcd62d!2sMikrokey+Elektronik+Bilgi+%C4%B0leti%C5%9Fim+Teknolojileri+San.ve+D%C4%B1%C5%9F+Tic.Ltd.%C5%9Eti.!5e0!3m2!1str!2str!4v1560769117584!5m2!1str!2str\" width=\"100%\" height=\"400px\" frameborder=\"0\" allowfullscreen=\"allowfullscreen\"><\/iframe>[\/vc_column_text][vc_empty_space height=&#8221;40px&#8221;][\/vc_column][\/vc_row][vc_row][vc_column width=&#8221;1\/2&#8243; css=&#8221;.vc_custom_1581948845321{padding-right: 5% !important;}&#8221;][vc_column_text]\n<h3>Contact Form<\/h3>\n[\/vc_column_text][vc_empty_space height=&#8221;40px&#8221;]\n<div class=\"wpcf7 no-js\" id=\"wpcf7-f4158-o1\" lang=\"en-US\" dir=\"ltr\">\n<div class=\"screen-reader-response\"><p role=\"status\" aria-live=\"polite\" aria-atomic=\"true\"><\/p> <ul><\/ul><\/div>\n<form action=\"\/en\/wp-json\/wp\/v2\/pages\/4134#wpcf7-f4158-o1\" method=\"post\" class=\"wpcf7-form init\" aria-label=\"Contact form\" novalidate=\"novalidate\" data-status=\"init\">\n<div style=\"display: none;\">\n<input type=\"hidden\" name=\"_wpcf7\" value=\"4158\" \/>\n<input type=\"hidden\" name=\"_wpcf7_version\" value=\"5.8\" \/>\n<input type=\"hidden\" name=\"_wpcf7_locale\" value=\"en_US\" \/>\n<input type=\"hidden\" name=\"_wpcf7_unit_tag\" value=\"wpcf7-f4158-o1\" \/>\n<input type=\"hidden\" name=\"_wpcf7_container_post\" value=\"0\" \/>\n<input type=\"hidden\" name=\"_wpcf7_posted_data_hash\" value=\"\" \/>\n<input type=\"hidden\" name=\"_wpcf7_recaptcha_response\" value=\"\" \/>\n<\/div>\n<div class=\"row\">\n\t<div class=\"small-12 large-6 columns\">\n\t\t<p><label>Name Surname (Required)<\/label><span class=\"wpcf7-form-control-wrap\" data-name=\"your-firstname\"><input size=\"40\" class=\"wpcf7-form-control wpcf7-text wpcf7-validates-as-required full\" aria-required=\"true\" aria-invalid=\"false\" value=\"\" type=\"text\" name=\"your-firstname\" \/><\/span>\n\t\t<\/p>\n\t<\/div>\n\t<div class=\"small-12 large-6 columns\">\n\t\t<p><label>E-Mail (Required)<\/label><span class=\"wpcf7-form-control-wrap\" data-name=\"email\"><input size=\"40\" class=\"wpcf7-form-control wpcf7-email wpcf7-validates-as-required wpcf7-text wpcf7-validates-as-email full\" aria-required=\"true\" aria-invalid=\"false\" value=\"\" type=\"email\" name=\"email\" \/><\/span>\n\t\t<\/p>\n\t<\/div>\n\t<div class=\"small-12 large-6 columns\">\n\t\t<p><label>Your Phone Number (Required)<\/label><span class=\"wpcf7-form-control-wrap\" data-name=\"tel\"><input size=\"40\" class=\"wpcf7-form-control wpcf7-tel wpcf7-validates-as-required wpcf7-text wpcf7-validates-as-tel full\" aria-required=\"true\" aria-invalid=\"false\" value=\"\" type=\"tel\" name=\"tel\" \/><\/span>\n\t\t<\/p>\n\t<\/div>\n\t<div class=\"small-12 large-6 columns\">\n\t\t<p><label>Your Location<\/label><span class=\"wpcf7-form-control-wrap\" data-name=\"yer\"><input size=\"40\" class=\"wpcf7-form-control wpcf7-text wpcf7-validates-as-required full\" aria-required=\"true\" aria-invalid=\"false\" value=\"\" type=\"text\" name=\"yer\" \/><\/span>\n\t\t<\/p>\n\t<\/div>\n\t<div class=\"small-12 large-6 columns\">\n\t\t<p><label>Product You Are Interested In<\/label><span class=\"wpcf7-form-control-wrap\" data-name=\"urun\"><input size=\"40\" class=\"wpcf7-form-control wpcf7-text wpcf7-validates-as-required full\" aria-required=\"true\" aria-invalid=\"false\" value=\"\" type=\"text\" name=\"urun\" \/><\/span>\n\t\t<\/p>\n\t<\/div>\n\t<div class=\"small-12 columns\">\n\t\t<p><label> Message<\/label><span class=\"wpcf7-form-control-wrap\" data-name=\"your-message\"><textarea cols=\"40\" rows=\"10\" class=\"wpcf7-form-control wpcf7-textarea full\" aria-invalid=\"false\" name=\"your-message\"><\/textarea><\/span>\n\t\t<\/p>\n\t<\/div>\n<\/div>\n<div class=\"row\">\n\t<div class=\"small-12 columns\">\n\t\t<p><input class=\"wpcf7-form-control wpcf7-submit has-spinner btn\" type=\"submit\" value=\"Send\" \/>\n\t\t<\/p>\n\t<\/div>\n<\/div><div class=\"wpcf7-response-output\" aria-hidden=\"true\"><\/div>\n<\/form>\n<\/div>\n[vc_empty_space height=&#8221;40px&#8221;][\/vc_column][vc_column width=&#8221;1\/2&#8243;][vc_column_text]\n<h5>Center Office<\/h5>\n[\/vc_column_text][vc_column_text]Mikrokey Elektronik Bilgi \u0130leti\u015fim Teknolojileri<br \/>\nSan.ve D\u0131\u015f Tic.Ltd.\u015eti.<br \/>\nKarl\u0131ktepe Mah.Ya\u015far Do\u011fu Cad.No:17\/A<br \/>\n34870 Kartal \/ \u0130STANBUL<\/p>\n<p>Phone : <a href=\"tel:+902164827640\">+90(216) 482 76 40<\/a><br \/>\nPhone : <a href=\"tel:+905326745359\">+90(532) 674 53 59<\/a><br \/>\nFax\u00a0 \u00a0 \u00a0 : +90(216) 482 76 42<br \/>\nEmail\u00a0 : <a href=\"mailto: info@microkey.com.tr\">info@microkey.com.tr<\/a>[\/vc_column_text][vc_empty_space height=&#8221;40px&#8221;][vc_column_text]\n<h5>Our Bank Information;<\/h5>\n<p><strong>\u0130\u015f Bankas\u0131<\/strong> \u2013 Rahmanlar Branch (1139)<\/p>\n<p>TL\u00a0 \u00a0 \u00a0<span id=\"gmail-ctl00_MainContent_IBANValueLabel\">Account 1782 65 <\/span>\/ TR 83 0006 4000 0011 1390 1782 65<\/p>\n<p>USD <span id=\"gmail-ctl00_MainContent_IBANValueLabel\">Account <\/span><span id=\"gmail-ctl00_MainContent_IBANValueLabel\">0989 19<\/span><span id=\"gmail-ctl00_MainContent_IBANValueLabel\">\u00a0<\/span>\/ TR 45 0006 4000 0021 1390 0989 19<\/p>\n<p>EUR <span id=\"gmail-ctl00_MainContent_IBANValueLabel\">Account <\/span><span id=\"gmail-ctl00_MainContent_IBANValueLabel\">0989 23<\/span><span id=\"gmail-ctl00_MainContent_IBANValueLabel\">\u00a0<\/span>\/ TR 34 0006 4000 0021 1390 0989 23<\/p>\n<p><strong>Vak\u0131flar Bankas\u0131\u00a0<\/strong> Moda Branch<\/p>\n<p>TL\u00a0 \u00a0 <span id=\"gmail-ctl00_MainContent_IBANValueLabel\">Account <\/span>\/ TR52 0001 5001 5800 7307 2730 40<\/p>\n<p>USD <span id=\"gmail-ctl00_MainContent_IBANValueLabel\">Account <\/span>\/ TR95 0001 5001 5804 8018 9980 27[\/vc_column_text][vc_empty_space height=&#8221;40px&#8221;][\/vc_column][\/vc_row]\n","protected":false},"excerpt":{"rendered":"<p>[vc_row][vc_column][vc_column_text][\/vc_column_text][vc_empty_space height=&#8221;40px&#8221;][\/vc_column][\/vc_row][vc_row][vc_column width=&#8221;1\/2&#8243; css=&#8221;.vc_custom_1581948845321{padding-right: 5% !important;}&#8221;][vc_column_text] Contact Form [\/vc_column_text][vc_empty_space height=&#8221;40px&#8221;][vc_empty_space height=&#8221;40px&#8221;][\/vc_column][vc_column width=&#8221;1\/2&#8243;][vc_column_text] Center Office [\/vc_column_text][vc_column_text]Mikrokey Elektronik Bilgi \u0130leti\u015fim Teknolojileri San.ve D\u0131\u015f Tic.Ltd.\u015eti. Karl\u0131ktepe Mah.Ya\u015far Do\u011fu Cad.No:17\/A 34870 Kartal \/ \u0130STANBUL Phone : +90(216) 482 76 40 Phone : +90(532) 674 53 59 Fax\u00a0 \u00a0 \u00a0 : +90(216) 482 76 42 Email\u00a0 : info@microkey.com.tr[\/vc_column_text][vc_empty_space height=&#8221;40px&#8221;][vc_column_text] Our&hellip;<\/p>\n","protected":false},"author":1,"featured_media":0,"parent":0,"menu_order":0,"comment_status":"closed","ping_status":"closed","template":"page-default.php","meta":{"footnotes":""},"aioseo_notices":[],"_links":{"self":[{"href":"https:\/\/microkey.com.tr\/en\/wp-json\/wp\/v2\/pages\/4134"}],"collection":[{"href":"https:\/\/microkey.com.tr\/en\/wp-json\/wp\/v2\/pages"}],"about":[{"href":"https:\/\/microkey.com.tr\/en\/wp-json\/wp\/v2\/types\/page"}],"author":[{"embeddable":true,"href":"https:\/\/microkey.com.tr\/en\/wp-json\/wp\/v2\/users\/1"}],"replies":[{"embeddable":true,"href":"https:\/\/microkey.com.tr\/en\/wp-json\/wp\/v2\/comments?post=4134"}],"version-history":[{"count":7,"href":"https:\/\/microkey.com.tr\/en\/wp-json\/wp\/v2\/pages\/4134\/revisions"}],"predecessor-version":[{"id":4515,"href":"https:\/\/microkey.com.tr\/en\/wp-json\/wp\/v2\/pages\/4134\/revisions\/4515"}],"wp:attachment":[{"href":"https:\/\/microkey.com.tr\/en\/wp-json\/wp\/v2\/media?parent=4134"}],"curies":[{"name":"wp","href":"https:\/\/api.w.org\/{rel}","templated":true}]}}